{"id":1668,"date":"2017-12-12T12:59:12","date_gmt":"2017-12-12T12:59:12","guid":{"rendered":"http:\/\/www.dz5.pl\/wp\/?page_id=1668"},"modified":"2019-12-08T00:56:46","modified_gmt":"2019-12-08T00:56:46","slug":"excel","status":"publish","type":"page","link":"http:\/\/www.dz5.pl\/wp\/?page_id=1668","title":{"rendered":"EXCEL"},"content":{"rendered":"<p>Test nr 1 : <a href=\"http:\/\/www.a.jasionowski.malochwiej.pl\/index.php?go=test1_klasa6_excel_odp\" target=\"_blank\" rel=\"noopener noreferrer\">Otw\u00f3rz<\/a><\/p>\n<p>Test nr 2: <a href=\"http:\/\/testwiedzy.pl\/game\/53734.html\" target=\"_blank\" rel=\"noopener noreferrer\">Otw\u00f3rz<\/a><\/p>\n<p>Test nr 3: <a href=\"https:\/\/www.memorizer.pl\/test\/171\/arkusz-kalkulacyjny-excel\/\" target=\"_blank\" rel=\"noopener noreferrer\">Otw\u00f3rz<\/a><\/p>\n<p>Test nr 4: <a href=\"https:\/\/test.4free.pl\/test\/502874\/57728\" target=\"_blank\" rel=\"noopener noreferrer\">Otw\u00f3rz<\/a><\/p>\n<p>Przyk\u0142ad nr 1 :\u00a0<a href=\"http:\/\/www.dz5.pl\/wp\/wp-content\/uploads\/Zdanie1.xlsx\">Zdanie1<\/a><\/p>\n<p>Przyk\u0142ad nr 2:\u00a0<a href=\"http:\/\/www.dz5.pl\/wp\/wp-content\/uploads\/exce_zadanie_fulll.xls\">exce_zadanie_fulll<\/a><\/p>\n<p>Przyk\u0142ad nr 3: <a href=\"http:\/\/www.dz5.pl\/wp\/wp-content\/uploads\/funkcje_tekstowe.xls\">funkcje_tekstowe<\/a><\/p>\n<p><strong>Egzamin<\/strong><\/p>\n<p>1 . <a href=\"http:\/\/www.dz5.pl\/wp\/wp-content\/uploads\/Gorace_klawisze.docx\">Gorace_klawisze<\/a> <a href=\"http:\/\/www.dz5.pl\/wp\/wp-content\/uploads\/zadanie_e1.xlsx\">zadanie_e1<\/a><\/p>\n<p>2. <a href=\"http:\/\/www.dz5.pl\/wp\/wp-content\/uploads\/zadanie_e1.xlsx\">zadanie_e1<\/a><\/p>\n<p>excel FV : <a href=\"http:\/\/www.dz5.pl\/wp\/wp-content\/uploads\/excel_faktura.jpg\"><img decoding=\"async\" loading=\"lazy\" class=\"aligncenter size-full wp-image-1708\" src=\"http:\/\/www.dz5.pl\/wp\/wp-content\/uploads\/excel_faktura.jpg\" alt=\"\" width=\"1101\" height=\"756\" srcset=\"http:\/\/www.dz5.pl\/wp\/wp-content\/uploads\/excel_faktura.jpg 1101w, http:\/\/www.dz5.pl\/wp\/wp-content\/uploads\/excel_faktura-300x206.jpg 300w, http:\/\/www.dz5.pl\/wp\/wp-content\/uploads\/excel_faktura-768x527.jpg 768w, http:\/\/www.dz5.pl\/wp\/wp-content\/uploads\/excel_faktura-1024x703.jpg 1024w\" sizes=\"(max-width: 1101px) 100vw, 1101px\" \/><\/a><\/p>\n<p><span style=\"font-size: 24pt;\"><em><strong><a href=\"http:\/\/www.dz5.pl\/wp\/wp-content\/uploads\/Zadanie_egzaminacyjne.xlsx\">Zadanie_egzaminacyjne<\/a><\/strong><\/em><\/span><\/p>\n","protected":false},"excerpt":{"rendered":"<p>Test nr 1 : Otw\u00f3rz Test nr 2: Otw\u00f3rz Test nr 3: Otw\u00f3rz Test nr 4: Otw\u00f3rz Przyk\u0142ad nr 1 :\u00a0Zdanie1 Przyk\u0142ad nr 2:\u00a0exce_zadanie_fulll Przyk\u0142ad nr 3: funkcje_tekstowe Egzamin 1 . Gorace_klawisze zadanie_e1 2. zadanie_e1 excel FV : Zadanie_egzaminacyjne<\/p>\n","protected":false},"author":1,"featured_media":0,"parent":0,"menu_order":0,"comment_status":"closed","ping_status":"closed","template":"","meta":[],"_links":{"self":[{"href":"http:\/\/www.dz5.pl\/wp\/index.php?rest_route=\/wp\/v2\/pages\/1668"}],"collection":[{"href":"http:\/\/www.dz5.pl\/wp\/index.php?rest_route=\/wp\/v2\/pages"}],"about":[{"href":"http:\/\/www.dz5.pl\/wp\/index.php?rest_route=\/wp\/v2\/types\/page"}],"author":[{"embeddable":true,"href":"http:\/\/www.dz5.pl\/wp\/index.php?rest_route=\/wp\/v2\/users\/1"}],"replies":[{"embeddable":true,"href":"http:\/\/www.dz5.pl\/wp\/index.php?rest_route=%2Fwp%2Fv2%2Fcomments&post=1668"}],"version-history":[{"count":12,"href":"http:\/\/www.dz5.pl\/wp\/index.php?rest_route=\/wp\/v2\/pages\/1668\/revisions"}],"predecessor-version":[{"id":2012,"href":"http:\/\/www.dz5.pl\/wp\/index.php?rest_route=\/wp\/v2\/pages\/1668\/revisions\/2012"}],"wp:attachment":[{"href":"http:\/\/www.dz5.pl\/wp\/index.php?rest_route=%2Fwp%2Fv2%2Fmedia&parent=1668"}],"curies":[{"name":"wp","href":"https:\/\/api.w.org\/{rel}","templated":true}]}}