{"id":321,"date":"2012-09-11T09:24:50","date_gmt":"2012-09-11T09:24:50","guid":{"rendered":"http:\/\/www.dz5.pl\/wp\/?page_id=321"},"modified":"2019-10-30T13:02:24","modified_gmt":"2019-10-30T13:02:24","slug":"1klasa","status":"publish","type":"page","link":"http:\/\/www.dz5.pl\/wp\/?page_id=321","title":{"rendered":"E13.Projektowanie sieci"},"content":{"rendered":"\n<h3 style=\"text-align:center;\"><a href=\"https:\/\/egzamin-e13.pl\/\" target=\"_blank\" rel=\"noreferrer noopener\" aria-label=\"Materia\u0142y do egzaminu E13 (otwiera si\u0119 na nowej zak\u0142adce)\">Materia\u0142y do egzaminu E13<\/a><\/h3>\n\n\n<div class=\"iframe-wrapper\">\n  <iframe src=\"http:\/\/www.dz5.pl\/ti\/kat.php?kat=E13\/sieci\" frameborder=\"0\" style=\"height:600px;width:650px;\">Please upgrade your browser<\/iframe>\n<\/div>","protected":false},"excerpt":{"rendered":"<p>Materia\u0142y do egzaminu E13<\/p>\n","protected":false},"author":1,"featured_media":0,"parent":0,"menu_order":0,"comment_status":"closed","ping_status":"closed","template":"","meta":[],"_links":{"self":[{"href":"http:\/\/www.dz5.pl\/wp\/index.php?rest_route=\/wp\/v2\/pages\/321"}],"collection":[{"href":"http:\/\/www.dz5.pl\/wp\/index.php?rest_route=\/wp\/v2\/pages"}],"about":[{"href":"http:\/\/www.dz5.pl\/wp\/index.php?rest_route=\/wp\/v2\/types\/page"}],"author":[{"embeddable":true,"href":"http:\/\/www.dz5.pl\/wp\/index.php?rest_route=\/wp\/v2\/users\/1"}],"replies":[{"embeddable":true,"href":"http:\/\/www.dz5.pl\/wp\/index.php?rest_route=%2Fwp%2Fv2%2Fcomments&post=321"}],"version-history":[{"count":18,"href":"http:\/\/www.dz5.pl\/wp\/index.php?rest_route=\/wp\/v2\/pages\/321\/revisions"}],"predecessor-version":[{"id":2001,"href":"http:\/\/www.dz5.pl\/wp\/index.php?rest_route=\/wp\/v2\/pages\/321\/revisions\/2001"}],"wp:attachment":[{"href":"http:\/\/www.dz5.pl\/wp\/index.php?rest_route=%2Fwp%2Fv2%2Fmedia&parent=321"}],"curies":[{"name":"wp","href":"https:\/\/api.w.org\/{rel}","templated":true}]}}